{"id":22,"date":"2021-10-01T17:19:46","date_gmt":"2021-10-01T15:19:46","guid":{"rendered":"https:\/\/226446.cms-pedago.uco.fr\/?page_id=22"},"modified":"2021-11-27T10:33:52","modified_gmt":"2021-11-27T09:33:52","slug":"la-formation","status":"publish","type":"page","link":"https:\/\/antoinetignon.com\/cncm2022\/la-formation\/","title":{"rendered":"La formation"},"content":{"rendered":"\n<h1>\n\t\tMaster Communication Num\u00e9rique et Conception Multim\u00e9dia\n\t<\/h1>\n<h2>\n\t\tLe master le plus innovant de l&rsquo;UCO\n\t<\/h2>\n\t<p>Le Master CNCM propos\u00e9 par l&rsquo;Universit\u00e9 Catholique de l&rsquo;Ouest est sp\u00e9cialis\u00e9 dans l&rsquo;informatique et dans la communication num\u00e9rique. Ce dernier forme principalement au d\u00e9veloppement et \u00e0 la conception web (front et back end), mais aussi au design graphique et \u00e0 la gestion de projets. Une grande importance est \u00e9galement accord\u00e9e \u00e0 l&rsquo;\u00e9utude de la sociologie des usages num\u00e9riques et du web-marketing.<\/p>\n<h2>\n\t\tFormer des professionnels du num\u00e9rique\n\t<\/h2>\n\t<p>Dans cette formation, 50% des cours sont dispens\u00e9s par des professionnels : charg\u00e9s de projets num\u00e9riques, d\u00e9veloppeurs, charg\u00e9s de communication&#8230; En M1, les \u00e9tudiants doivent r\u00e9aliser un stage de 3 mois, puis un autre stage de 6 mois en M2, afin de d\u00e9v\u00e9lopper leurs exp\u00e9riences dans le monde professionnels. Ils sont encourag\u00e9s \u00e0 d\u00e9couvrir une grande vari\u00e9t\u00e9 de structures : entreprises, associations ou m\u00eames collectivit\u00e9s territoriales !<\/p>\n<h2>\n\t\tAu programme de la formation&#8230;\n\t<\/h2>\n<h3>\n\t\tM1 &#8211; Semestre 1\n\t<\/h3>\n\t<ul>\n<li>Langage du Web (back et front)<\/li>\n<li>Algorithmique et Programmation 1<\/li>\n<li>Base de donn\u00e9es<\/li>\n<li>Sociologie des usages num\u00e9riques<\/li>\n<li>Enjeux et Th\u00e9ories des SIC<\/li>\n<li>Num\u00e9rique et politiques publiques en France et en Europe<\/li>\n<li>Design graphique<\/li>\n<li>Design interactif<\/li>\n<li>Cr\u00e9ation audiovisuelle<\/li>\n<li>S\u00e9minaire et m\u00e9thodologie de la recherche<\/li>\n<li>Ateliers de recherche et de lecture<\/li>\n<li>Droit du num\u00e9rique<\/li>\n<li>Anglais et environnement num\u00e9rique<\/li>\n<\/ul>\n<h3>\n\t\tM1 &#8211; Semestre 2\n\t<\/h3>\n\t<ul>\n<li>Responsive design<\/li>\n<li>Syst\u00e8me de gestion de contenu 1<\/li>\n<li>Algorithmique et programmation 2 -UML<\/li>\n<li>Analyse statistique et visualisation<\/li>\n<li>Analyse d&rsquo;audience<\/li>\n<li>Analyse des m\u00e9dias et des discours num\u00e9riques<\/li>\n<li>\u00c9thique et d\u00e9ontologie du num\u00e9rique<\/li>\n<li>M\u00e9thodologie de gestion de projets num\u00e9riques<\/li>\n<li>S\u00e9minaire et m\u00e9thodologie de la recherche<\/li>\n<li>Ateliers de recherche et de lecture<\/li>\n<li>Outils r\u00e9dactionnels pour le web 1<\/li>\n<li>Anglais et environnement num\u00e9rique<\/li>\n<\/ul>\n<h3>\n\t\tM2 &#8211; Semestre 3\n\t<\/h3>\n\t<ul>\n<li>Framework du WEB<\/li>\n<li>D\u00e9veloppement WEB avanc\u00e9<\/li>\n<li>Syst\u00e8me de gestion de contenu 2<\/li>\n<li>Data Visualisation<\/li>\n<li>Interaction Homme Machine (IHM)<\/li>\n<li>Ergonomie cognitive<\/li>\n<li>Gestion de projet num\u00e9rique (conduite, lancement,<br \/>\nfinancement, \u00e9valuation)<\/li>\n<li>Communication des organisations num\u00e9riques<\/li>\n<li>Communication TNIC et territoires<\/li>\n<li>Usages politiques du num\u00e9rique<\/li>\n<li>Sociologie et \u00e9conomie de l&rsquo;innovation<\/li>\n<li>S\u00e9minaire et m\u00e9thodologie de la recherche<\/li>\n<li>Ateliers de recherche et de lecture<\/li>\n<li>Anglais et environnement num\u00e9rique<\/li>\n<li>Outils r\u00e9dactionnels pour le web 2<\/li>\n<\/ul>\n<h3>\n\t\tM2 &#8211; Semestre 4\n\t<\/h3>\n\t<ul>\n<li>Stage de 6 mois en entreprise, association ou collectivit\u00e9 territoriale<\/li>\n<li>R\u00e9daction d&rsquo;un m\u00e9moire de recherche sur une probl\u00e9matique li\u00e9e au sujet du stage<\/li>\n<li>Soutenance du m\u00e9moire<\/li>\n<\/ul>\n\n","protected":false},"excerpt":{"rendered":"<p>Master Communication Num\u00e9rique et Conception Multim\u00e9dia Le master le plus innovant de l&rsquo;UCO Le Master CNCM propos\u00e9 par l&rsquo;Universit\u00e9 Catholique de l&rsquo;Ouest est sp\u00e9cialis\u00e9 dans l&rsquo;informatique et dans la communication num\u00e9rique. Ce dernier forme principalement au d\u00e9veloppement et \u00e0 la conception web (front et back end), mais aussi au design graphique et \u00e0 la gestion [&hellip;]<\/p>\n","protected":false},"author":2,"featured_media":0,"parent":0,"menu_order":0,"comment_status":"closed","ping_status":"closed","template":"","meta":{"footnotes":""},"blocksy_meta":{"styles_descriptor":{"styles":{"desktop":"","tablet":"","mobile":""},"google_fonts":[],"version":6},"page_title_panel":"","has_hero_section":"disabled","f65439365684c45aa7c51f4296be1ffd":"","hero_section":"type-1","hero_elements":[{"id":"custom_title","enabled":true,"heading_tag":"h1","title":"Accueil"},{"id":"custom_description","enabled":true,"description_visibility":{"desktop":true,"tablet":true,"mobile":false}},{"id":"custom_meta","enabled":false,"meta_elements":[{"id":"author","enabled":true,"label":"Par","has_author_avatar":"yes","avatar_size":25},{"id":"post_date","enabled":true,"label":"Sur","date_format_source":"default","date_format":"M j, Y"},{"id":"updated_date","enabled":false,"label":"Sur","date_format_source":"default","date_format":"M j, Y"},{"id":"categories","enabled":false,"label":"Dans","style":"simple"},{"id":"comments","enabled":true}],"page_meta_elements":{"joined":true,"articles_count":true,"comments":true}},{"id":"breadcrumbs","enabled":false}],"ff7b593405243212ab600c42a2cd3345":"","hero_alignment1":"CT_CSS_SKIP_RULE","hero_margin":40,"hero_alignment2":"center","hero_vertical_alignment":"center","62761b5ae8122fb84fb233d9e035a504":"","hero_structure":"narrow","630f6c350e61e671e83f913a8f744694":"","page_title_bg_type":"featured_image","custom_hero_background":{"attachment_id":null},"parallax":{"desktop":false,"tablet":false,"mobile":false},"172441751b8317356bbc5b4f81f0298a":"","hero_height":"250px","pageTitleFont":{"family":"Default","variation":"Default","size":{"desktop":"32px","tablet":"30px","mobile":"25px"},"line-height":"CT_CSS_SKIP_RULE","letter-spacing":"CT_CSS_SKIP_RULE","text-transform":"CT_CSS_SKIP_RULE","text-decoration":"CT_CSS_SKIP_RULE"},"pageTitleFontColor":{"default":{"color":"CT_CSS_SKIP_RULEDEFAULT"}},"pageMetaFont":{"family":"Default","variation":"n6","size":"12px","line-height":"1.3","letter-spacing":"CT_CSS_SKIP_RULE","text-transform":"uppercase","text-decoration":"CT_CSS_SKIP_RULE"},"pageMetaFontColor":{"default":{"color":"CT_CSS_SKIP_RULEDEFAULT"},"hover":{"color":"CT_CSS_SKIP_RULEDEFAULT"}},"page_meta_button_type_font_colors":{"default":{"color":"CT_CSS_SKIP_RULEDEFAULT"},"hover":{"color":"CT_CSS_SKIP_RULEDEFAULT"}},"page_meta_button_type_background_colors":{"default":{"color":"CT_CSS_SKIP_RULEDEFAULT"},"hover":{"color":"CT_CSS_SKIP_RULEDEFAULT"}},"pageExcerptFont":{"family":"Default","variation":"Default","size":"CT_CSS_SKIP_RULE","line-height":"CT_CSS_SKIP_RULE","letter-spacing":"CT_CSS_SKIP_RULE","text-transform":"CT_CSS_SKIP_RULE","text-decoration":"CT_CSS_SKIP_RULE"},"pageExcerptColor":{"default":{"color":"CT_CSS_SKIP_RULEDEFAULT"}},"breadcrumbsFont":{"family":"Default","variation":"Default","size":"CT_CSS_SKIP_RULE","line-height":"CT_CSS_SKIP_RULE","letter-spacing":"CT_CSS_SKIP_RULE","text-transform":"CT_CSS_SKIP_RULE","text-decoration":"CT_CSS_SKIP_RULE"},"breadcrumbsFontColor":{"default":{"color":"CT_CSS_SKIP_RULEDEFAULT"},"initial":{"color":"CT_CSS_SKIP_RULEDEFAULT"},"hover":{"color":"CT_CSS_SKIP_RULEDEFAULT"}},"pageTitleOverlay":{"background_type":"color","background_pattern":"type-1","background_image":{"attachment_id":null,"x":0,"y":0},"gradient":"linear-gradient(135deg,rgba(6,147,227,1) 0%,rgb(155,81,224) 100%)","background_repeat":"repeat","background_size":"auto","background_attachment":"scroll","patternColor":{"default":{"color":"#e5e7ea"}},"overlayColor":{"default":{"color":"CT_CSS_SKIP_RULE"}},"backgroundColor":{"default":{"color":"CT_CSS_SKIP_RULE"}}},"pageTitleBackground":{"background_type":"color","background_pattern":"type-1","background_image":{"attachment_id":null,"x":0,"y":0},"gradient":"linear-gradient(135deg,rgba(6,147,227,1) 0%,rgb(155,81,224) 100%)","background_repeat":"repeat","background_size":"auto","background_attachment":"scroll","patternColor":{"default":{"color":"#e5e7ea"}},"overlayColor":{"default":{"color":"CT_CSS_SKIP_RULE"}},"backgroundColor":{"default":{"color":"var(--theme-palette-color-6)"}}},"pageTitlePadding":{"top":"50px","bottom":"50px","left":"auto","right":"auto","linked":true},"3b33e0074dbc626b9a6a58f2d17cb1d4":"","page_structure_type":"default","4e65a106f4fe3fbad044d6699fcf09b3":"","content_style_source":"inherit","content_style":"wide","vertical_spacing_source":"inherit","content_area_spacing":"both","background":{"background_type":"color","background_pattern":"type-1","background_image":{"attachment_id":null,"x":0,"y":0},"gradient":"linear-gradient(135deg,rgba(6,147,227,1) 0%,rgb(155,81,224) 100%)","background_repeat":"repeat","background_size":"auto","background_attachment":"scroll","patternColor":{"default":{"color":"#e5e7ea"}},"overlayColor":{"default":{"color":"CT_CSS_SKIP_RULE"}},"backgroundColor":{"default":{"color":"CT_CSS_SKIP_RULE"}}},"content_background":{"background_type":"color","background_pattern":"type-1","background_image":{"attachment_id":null,"x":0,"y":0},"gradient":"linear-gradient(135deg,rgba(6,147,227,1) 0%,rgb(155,81,224) 100%)","background_repeat":"repeat","background_size":"auto","background_attachment":"scroll","patternColor":{"default":{"color":"#e5e7ea"}},"overlayColor":{"default":{"color":"CT_CSS_SKIP_RULE"}},"backgroundColor":{"default":{"color":"var(--theme-palette-color-8)"}}},"content_boxed_shadow":{"inherit":false,"blur":18,"spread":-6,"v_offset":12,"h_offset":0,"inset":false,"enable":true,"color":{"color":"rgba(34, 56, 101, 0.04)"}},"boxed_content_spacing":{"desktop":{"top":"40px","bottom":"40px","left":"40px","right":"40px","linked":true},"tablet":{"top":"35px","bottom":"35px","left":"35px","right":"35px","linked":true},"mobile":{"top":"20px","bottom":"20px","left":"20px","right":"20px","linked":true}},"content_boxed_radius":{"top":"3px","bottom":"3px","left":"3px","right":"3px","linked":true},"0c19efd624df5d51c36b8b94a53990ab":"","disable_featured_image":"no","disable_header":"no","disable_footer":"no"},"acf":[],"aioseo_notices":[],"_links":{"self":[{"href":"https:\/\/antoinetignon.com\/cncm2022\/wp-json\/wp\/v2\/pages\/22"}],"collection":[{"href":"https:\/\/antoinetignon.com\/cncm2022\/wp-json\/wp\/v2\/pages"}],"about":[{"href":"https:\/\/antoinetignon.com\/cncm2022\/wp-json\/wp\/v2\/types\/page"}],"author":[{"embeddable":true,"href":"https:\/\/antoinetignon.com\/cncm2022\/wp-json\/wp\/v2\/users\/2"}],"replies":[{"embeddable":true,"href":"https:\/\/antoinetignon.com\/cncm2022\/wp-json\/wp\/v2\/comments?post=22"}],"version-history":[{"count":1,"href":"https:\/\/antoinetignon.com\/cncm2022\/wp-json\/wp\/v2\/pages\/22\/revisions"}],"predecessor-version":[{"id":1027,"href":"https:\/\/antoinetignon.com\/cncm2022\/wp-json\/wp\/v2\/pages\/22\/revisions\/1027"}],"wp:attachment":[{"href":"https:\/\/antoinetignon.com\/cncm2022\/wp-json\/wp\/v2\/media?parent=22"}],"curies":[{"name":"wp","href":"https:\/\/api.w.org\/{rel}","templated":true}]}}