{"id":18,"date":"2021-10-01T17:18:56","date_gmt":"2021-10-01T15:18:56","guid":{"rendered":"https:\/\/226446.cms-pedago.uco.fr\/?page_id=18"},"modified":"2021-12-02T11:05:51","modified_gmt":"2021-12-02T10:05:51","slug":"accueil","status":"publish","type":"page","link":"https:\/\/antoinetignon.com\/cncm2022\/","title":{"rendered":"Accueil"},"content":{"rendered":"\n<h1>\n\t\tLe site web des \u00e9tudiants CNCM  dipl\u00f4m\u00e9s en 2022 !\n\t<\/h1>\n<h2>\n\t\tQui sommes-nous ?\n\t<\/h2>\n\t<p>Nous sommes 14 \u00e9tudiants aux profils vari\u00e9s et aux exp\u00e9riences tr\u00e8s riches. Formant un groupe soud\u00e9, nous avons suivi pendant 1 an et demi la formation Communication Num\u00e9rique et Conception Multim\u00e9dia (CNCM) de l&rsquo;Universit\u00e9 Catholique de l&rsquo;Ouest d&rsquo;Angers. Aujourd&rsquo;hui, l&rsquo;heure du stage de fin d&rsquo;\u00e9tudes a sonn\u00e9. Nous sommes tous \u00e0 la recherche de stages qui nous permettront de conclure nos 5 ann\u00e9es d&rsquo;\u00e9tudes post BAC de la plus belle des mani\u00e8res.<\/p>\n<h2>\n\t\tNos derniers articles !\n\t<\/h2>\n\t\t\t\t<img decoding=\"async\" loading=\"lazy\" src=\"https:\/\/antoinetignon.com\/cncm2022\/wp-content\/uploads\/2021\/10\/student-with-graduation-cap.png\" alt=\"student-with-graduation-cap\" itemprop=\"image\" height=\"256\" width=\"256\" title=\"student-with-graduation-cap\" onerror=\"this.style.display='none'\"  \/>\n\t\t\t<a href=\"https:\/\/antoinetignon.com\/cncm2022\/les-etudiants\/\" target=\"_self\" role=\"button\" rel=\"noopener\">\n\t\t\t\t\t\t\tD\u00e9couvrir les \u00e9tudiants\n\t\t\t\t\t<\/a>\n\t\t\t\t<img decoding=\"async\" loading=\"lazy\" src=\"https:\/\/antoinetignon.com\/cncm2022\/wp-content\/uploads\/2021\/10\/diploma-1.png\" alt=\"diploma (1)\" itemprop=\"image\" height=\"512\" width=\"512\" title=\"diploma (1)\" onerror=\"this.style.display='none'\"  \/>\n\t\t\t<a href=\"https:\/\/antoinetignon.com\/cncm2022\/la-formation\/\" target=\"_self\" role=\"button\" rel=\"noopener\">\n\t\t\t\t\t\t\tD\u00e9couvrir le Master\n\t\t\t\t\t<\/a>\n\t\t\t\t<img decoding=\"async\" loading=\"lazy\" src=\"https:\/\/antoinetignon.com\/cncm2022\/wp-content\/uploads\/2021\/10\/news.png\" alt=\"news\" itemprop=\"image\" height=\"512\" width=\"512\" title=\"news\" onerror=\"this.style.display='none'\"  \/>\n\t\t\t<a href=\"https:\/\/antoinetignon.com\/cncm2022\/notre-blog\/\" target=\"_self\" role=\"button\" rel=\"noopener\">\n\t\t\t\t\t\t\tVoir nos actualit\u00e9s\n\t\t\t\t\t<\/a>\n<h2>\n\t\tLa formation CNCM\n\t<\/h2>\n\t<p>Le Master Communication Num\u00e9rique et Conception Multim\u00e9dia (r\u00e9cemment renomm\u00e9 Master Communication Digitale) propose une formation centr\u00e9e sur une ma\u00eetrise \u00e0 la fois technique et strat\u00e9gique. Cette derni\u00e8re est notamment tourn\u00e9e vers des probl\u00e9matiques li\u00e9es \u00e0 la cr\u00e9ativit\u00e9 sur le web et \u00e0 l&rsquo;innovation digitale. Le Master CNCM a pour ambition de former les futurs professionnels du web, capables de conduire des projets de communication num\u00e9rique et de strat\u00e9gie multim\u00e9dia.<\/p>\n<h2>\n\t\tUne promotion soud\u00e9e\n\t<\/h2>\n\t<p>Ayant travers\u00e9 deux confinements en novembre 2020 et avril 2021, les \u00e9tudiants du Master CNCM ont su d\u00e9velopper des capacit\u00e9s d&rsquo;adaptation hors du commun. Capables de travailler sur des projets en \u00e9quipe dans des conditions de cours exclusivement dispens\u00e9s en distanciel, les futurs dipl\u00f4m\u00e9s seront capable de s&rsquo;accorder aux diff\u00e9rentes organisations de leurs futures structures. En dehors des contextes de travail \u00e0 distance, les \u00e9tudiants ont mis en pratique une coop\u00e9ration exceptionnelle entre eux, afin toujours pousser le groupe vers l&rsquo;avant et le haut !<\/p>\n<h2>\n\t\tLes enseignants parlent de nous !\n\t<\/h2>\n\t<iframe loading=\"lazy\" src=\"https:\/\/www.linkedin.com\/embed\/feed\/update\/urn:li:share:6848531330507030528\" height=\"1420\" width=\"100%\" frameborder=\"0\" allowfullscreen=\"\" title=\"Post int\u00e9gr\u00e9\"><\/iframe>\n\t<iframe loading=\"lazy\" src=\"https:\/\/www.linkedin.com\/embed\/feed\/update\/urn:li:share:6856151292486656001\" height=\"1060\" width=\"100%\" frameborder=\"0\" allowfullscreen=\"\" title=\"Post int\u00e9gr\u00e9\"><\/iframe>\n<h2>\n\t\tVous cherchez quelque-chose en particulier ?\n\t<\/h2>\n\n","protected":false},"excerpt":{"rendered":"<p>Le site web des \u00e9tudiants CNCM dipl\u00f4m\u00e9s en 2022 ! Qui sommes-nous ? Nous sommes 14 \u00e9tudiants aux profils vari\u00e9s et aux exp\u00e9riences tr\u00e8s riches. Formant un groupe soud\u00e9, nous avons suivi pendant 1 an et demi la formation Communication Num\u00e9rique et Conception Multim\u00e9dia (CNCM) de l&rsquo;Universit\u00e9 Catholique de l&rsquo;Ouest d&rsquo;Angers. Aujourd&rsquo;hui, l&rsquo;heure du stage [&hellip;]<\/p>\n","protected":false},"author":2,"featured_media":0,"parent":0,"menu_order":0,"comment_status":"closed","ping_status":"closed","template":"","meta":{"footnotes":""},"blocksy_meta":{"styles_descriptor":{"styles":{"desktop":"","tablet":"","mobile":""},"google_fonts":[],"version":6},"page_title_panel":"","has_hero_section":"disabled","7d057de83078fe158aed5996c4a33fb1":"","hero_section":"type-1","hero_elements":[{"id":"custom_title","enabled":true,"heading_tag":"h1","title":"Accueil"},{"id":"custom_description","enabled":true,"description_visibility":{"desktop":true,"tablet":true,"mobile":false}},{"id":"custom_meta","enabled":false,"meta_elements":[{"id":"author","enabled":true,"label":"Par","has_author_avatar":"yes","avatar_size":25},{"id":"post_date","enabled":true,"label":"Sur","date_format_source":"default","date_format":"M j, Y"},{"id":"updated_date","enabled":false,"label":"Sur","date_format_source":"default","date_format":"M j, Y"},{"id":"categories","enabled":false,"label":"Dans","style":"simple"},{"id":"comments","enabled":true}],"page_meta_elements":{"joined":true,"articles_count":true,"comments":true}},{"id":"breadcrumbs","enabled":false}],"fd1e562f111346bd0a6bb8ca59c0d221":"","hero_alignment1":"CT_CSS_SKIP_RULE","hero_margin":{"desktop":"0","tablet":"0","mobile":"0","__changed":[]},"hero_alignment2":"center","hero_vertical_alignment":"center","b38f41818caabe4fbb64fab864919687":"","hero_structure":"narrow","00f8ee66a6f84aaad4f87afebc3b66ab":"","page_title_bg_type":"featured_image","custom_hero_background":{"attachment_id":null},"parallax":{"desktop":false,"tablet":false,"mobile":false},"d8360c68edd0a625ecd744cdbe4cce79":"","hero_height":"250px","pageTitleFont":{"family":"Default","variation":"Default","size":{"desktop":"32px","tablet":"30px","mobile":"25px"},"line-height":"CT_CSS_SKIP_RULE","letter-spacing":"CT_CSS_SKIP_RULE","text-transform":"CT_CSS_SKIP_RULE","text-decoration":"CT_CSS_SKIP_RULE"},"pageTitleFontColor":{"default":{"color":"CT_CSS_SKIP_RULEDEFAULT"}},"pageMetaFont":{"family":"Default","variation":"n6","size":"12px","line-height":"1.3","letter-spacing":"CT_CSS_SKIP_RULE","text-transform":"uppercase","text-decoration":"CT_CSS_SKIP_RULE"},"pageMetaFontColor":{"default":{"color":"CT_CSS_SKIP_RULEDEFAULT"},"hover":{"color":"CT_CSS_SKIP_RULEDEFAULT"}},"page_meta_button_type_font_colors":{"default":{"color":"CT_CSS_SKIP_RULEDEFAULT"},"hover":{"color":"CT_CSS_SKIP_RULEDEFAULT"}},"page_meta_button_type_background_colors":{"default":{"color":"CT_CSS_SKIP_RULEDEFAULT"},"hover":{"color":"CT_CSS_SKIP_RULEDEFAULT"}},"pageExcerptFont":{"family":"Default","variation":"Default","size":"CT_CSS_SKIP_RULE","line-height":"CT_CSS_SKIP_RULE","letter-spacing":"CT_CSS_SKIP_RULE","text-transform":"CT_CSS_SKIP_RULE","text-decoration":"CT_CSS_SKIP_RULE"},"pageExcerptColor":{"default":{"color":"CT_CSS_SKIP_RULEDEFAULT"}},"breadcrumbsFont":{"family":"Default","variation":"Default","size":"CT_CSS_SKIP_RULE","line-height":"CT_CSS_SKIP_RULE","letter-spacing":"CT_CSS_SKIP_RULE","text-transform":"CT_CSS_SKIP_RULE","text-decoration":"CT_CSS_SKIP_RULE"},"breadcrumbsFontColor":{"default":{"color":"CT_CSS_SKIP_RULEDEFAULT"},"initial":{"color":"CT_CSS_SKIP_RULEDEFAULT"},"hover":{"color":"CT_CSS_SKIP_RULEDEFAULT"}},"pageTitleOverlay":{"background_type":"color","background_pattern":"type-1","background_image":{"attachment_id":null,"x":0,"y":0},"gradient":"linear-gradient(135deg,rgba(6,147,227,1) 0%,rgb(155,81,224) 100%)","background_repeat":"repeat","background_size":"auto","background_attachment":"scroll","patternColor":{"default":{"color":"#e5e7ea"}},"overlayColor":{"default":{"color":"CT_CSS_SKIP_RULE"}},"backgroundColor":{"default":{"color":"CT_CSS_SKIP_RULE"}}},"pageTitleBackground":{"background_type":"color","background_pattern":"type-1","background_image":{"attachment_id":null,"x":0,"y":0},"gradient":"linear-gradient(135deg,rgba(6,147,227,1) 0%,rgb(155,81,224) 100%)","background_repeat":"repeat","background_size":"auto","background_attachment":"scroll","patternColor":{"default":{"color":"#e5e7ea"}},"overlayColor":{"default":{"color":"CT_CSS_SKIP_RULE"}},"backgroundColor":{"default":{"color":"var(--theme-palette-color-6)"}}},"pageTitlePadding":{"top":"50px","bottom":"50px","left":"auto","right":"auto","linked":true},"7c082066734314de9e8440971fd69d3b":"","page_structure_type":"default","86f6d3f22d6a1c743e0b5c6d0b5c89b0":"","content_style_source":"inherit","content_style":"wide","vertical_spacing_source":"inherit","content_area_spacing":"both","background":{"background_type":"color","background_pattern":"type-1","background_image":{"attachment_id":null,"x":0,"y":0},"gradient":"linear-gradient(135deg,rgba(6,147,227,1) 0%,rgb(155,81,224) 100%)","background_repeat":"repeat","background_size":"auto","background_attachment":"scroll","patternColor":{"default":{"color":"#e5e7ea"}},"overlayColor":{"default":{"color":"CT_CSS_SKIP_RULE"}},"backgroundColor":{"default":{"color":"CT_CSS_SKIP_RULE"}}},"content_background":{"background_type":"color","background_pattern":"type-1","background_image":{"attachment_id":null,"x":0,"y":0},"gradient":"linear-gradient(135deg,rgba(6,147,227,1) 0%,rgb(155,81,224) 100%)","background_repeat":"repeat","background_size":"auto","background_attachment":"scroll","patternColor":{"default":{"color":"#e5e7ea"}},"overlayColor":{"default":{"color":"CT_CSS_SKIP_RULE"}},"backgroundColor":{"default":{"color":"var(--theme-palette-color-8)"}}},"content_boxed_shadow":{"inherit":false,"blur":18,"spread":-6,"v_offset":12,"h_offset":0,"inset":false,"enable":true,"color":{"color":"rgba(34, 56, 101, 0.04)"}},"boxed_content_spacing":{"desktop":{"top":"40px","bottom":"40px","left":"40px","right":"40px","linked":true},"tablet":{"top":"35px","bottom":"35px","left":"35px","right":"35px","linked":true},"mobile":{"top":"20px","bottom":"20px","left":"20px","right":"20px","linked":true}},"content_boxed_radius":{"top":"3px","bottom":"3px","left":"3px","right":"3px","linked":true},"db9e787f3a7f0d1ea30a37cee83e5905":"","disable_featured_image":"no","disable_header":"no","disable_footer":"no","20b2892ea416412af8e73435cc92cf58":"","cee76b46d8882957cfce7e8eda99d8d8":"","a5d27ae84266278171f3d55f86b34d36":"","ee3bbb9ff01d2c99da32de95b4605f60":"","e45b26fdda59604ef87d52425bc3d442":"","510f539a028278749d95194927d6a852":"","511d44eaaaab99591dcfb4aedfea5f0b":"","a874c96ad74a6c627fe353c349dc9b60":""},"acf":[],"aioseo_notices":[],"_links":{"self":[{"href":"https:\/\/antoinetignon.com\/cncm2022\/wp-json\/wp\/v2\/pages\/18"}],"collection":[{"href":"https:\/\/antoinetignon.com\/cncm2022\/wp-json\/wp\/v2\/pages"}],"about":[{"href":"https:\/\/antoinetignon.com\/cncm2022\/wp-json\/wp\/v2\/types\/page"}],"author":[{"embeddable":true,"href":"https:\/\/antoinetignon.com\/cncm2022\/wp-json\/wp\/v2\/users\/2"}],"replies":[{"embeddable":true,"href":"https:\/\/antoinetignon.com\/cncm2022\/wp-json\/wp\/v2\/comments?post=18"}],"version-history":[{"count":5,"href":"https:\/\/antoinetignon.com\/cncm2022\/wp-json\/wp\/v2\/pages\/18\/revisions"}],"predecessor-version":[{"id":1102,"href":"https:\/\/antoinetignon.com\/cncm2022\/wp-json\/wp\/v2\/pages\/18\/revisions\/1102"}],"wp:attachment":[{"href":"https:\/\/antoinetignon.com\/cncm2022\/wp-json\/wp\/v2\/media?parent=18"}],"curies":[{"name":"wp","href":"https:\/\/api.w.org\/{rel}","templated":true}]}}